{"id":375,"date":"2024-09-25T17:46:19","date_gmt":"2024-09-25T17:46:19","guid":{"rendered":"https:\/\/www.takayotomatikkapi.com\/magaza\/?post_type=product&#038;p=375"},"modified":"2025-01-02T15:03:42","modified_gmt":"2025-01-02T15:03:42","slug":"argo-bt-a20","status":"publish","type":"product","link":"https:\/\/www.takayotomatikkapi.com\/magaza\/urun\/argo-bt-a20\/","title":{"rendered":"ARGO BT A20"},"content":{"rendered":"<h4><strong>Teknik \u00d6zellikler;<\/strong><\/h4>\n<ul>\n<li><strong>Kontrol \u00dcnitesi:<\/strong> VENERE D<\/li>\n<li><strong>Besleme:<\/strong> 24 V<\/li>\n<li><strong>Kullan\u0131lan Elektrik G\u00fcc\u00fc:<\/strong> 240 W<\/li>\n<li><strong>Yava\u015flatma:<\/strong> VAR<\/li>\n<li><strong>Limit Switch Tipi:<\/strong> KODLAYICI<\/li>\n<li><strong>Kap\u0131 Y\u00fczeyi:<\/strong> 20 m\u00b2<\/li>\n<li><strong>\u00c7\u0131k\u0131\u015f Devir Say\u0131s\u0131:<\/strong> 30 rpm<\/li>\n<li><strong>Maksimum Tork:<\/strong> 55 nm<\/li>\n<li><strong>Darbeye Kar\u015f\u0131 Tepki:<\/strong> D-TRACK<\/li>\n<li><strong>Kilitleme:<\/strong> MEKAN\u0130K<\/li>\n<li><strong>Kilit A\u00e7ma:<\/strong> HALAT VEYA \u00c7EL\u0130K KABLO \u0130LE<\/li>\n<li><strong>Kullan\u0131m S\u0131kl\u0131\u011f\u0131:<\/strong> \u00c7OK YO\u011eUN<\/li>\n<li><strong>\u00c7al\u0131\u015fma S\u0131cakl\u0131\u011f\u0131:<\/strong> -15 C +55 C<\/li>\n<li><strong>Koruma Derecesi:<\/strong> Ipx40<\/li>\n<\/ul>\n","protected":false},"excerpt":{"rendered":"<p><strong>Voltaj:<\/strong> 24 V<br \/>\n<strong>Max. Y\u00fczey Alan\u0131:<\/strong> 20 m\u00b2<\/p>\n","protected":false},"featured_media":394,"template":"","meta":[],"product_cat":[20],"product_tag":[],"class_list":{"0":"post-375","1":"product","2":"type-product","3":"status-publish","4":"has-post-thumbnail","6":"product_cat-seksiyonel-kapi-motorlari","8":"first","9":"instock","10":"purchasable","11":"product-type-simple"},"jetpack_sharing_enabled":true,"_links":{"self":[{"href":"https:\/\/www.takayotomatikkapi.com\/magaza\/wp-json\/wp\/v2\/product\/375","targetHints":{"allow":["GET"]}}],"collection":[{"href":"https:\/\/www.takayotomatikkapi.com\/magaza\/wp-json\/wp\/v2\/product"}],"about":[{"href":"https:\/\/www.takayotomatikkapi.com\/magaza\/wp-json\/wp\/v2\/types\/product"}],"wp:featuredmedia":[{"embeddable":true,"href":"https:\/\/www.takayotomatikkapi.com\/magaza\/wp-json\/wp\/v2\/media\/394"}],"wp:attachment":[{"href":"https:\/\/www.takayotomatikkapi.com\/magaza\/wp-json\/wp\/v2\/media?parent=375"}],"wp:term":[{"taxonomy":"product_cat","embeddable":true,"href":"https:\/\/www.takayotomatikkapi.com\/magaza\/wp-json\/wp\/v2\/product_cat?post=375"},{"taxonomy":"product_tag","embeddable":true,"href":"https:\/\/www.takayotomatikkapi.com\/magaza\/wp-json\/wp\/v2\/product_tag?post=375"}],"curies":[{"name":"wp","href":"https:\/\/api.w.org\/{rel}","templated":true}]}}