{"id":373,"date":"2024-09-25T17:44:23","date_gmt":"2024-09-25T17:44:23","guid":{"rendered":"https:\/\/www.takayotomatikkapi.com\/magaza\/?post_type=product&#038;p=373"},"modified":"2025-08-14T08:59:07","modified_gmt":"2025-08-14T08:59:07","slug":"botticelli-smart-bt-a850","status":"publish","type":"product","link":"https:\/\/www.takayotomatikkapi.com\/magaza\/urun\/botticelli-smart-bt-a850\/","title":{"rendered":"BOTTICELLI SMART BT A850"},"content":{"rendered":"<h4><strong>Teknik \u00d6zellikler;<\/strong><\/h4>\n<ul>\n<li><strong>Kontrol \u00dcnitesi:<\/strong> VENERE BT 850<\/li>\n<li><strong>Besleme:<\/strong> 24 V<\/li>\n<li><strong>Kullan\u0131lan Elektrik G\u00fcc\u00fc:<\/strong> 236 W<\/li>\n<li><strong>Limit Switch Tipi:<\/strong> KODLAYICI + A\u00c7ILMADA<\/li>\n<li><strong>A\u00e7\u0131lma \u2013 Kapanma S\u00fcresi:<\/strong> 5 m \/ dakika<\/li>\n<li><strong>Kap\u0131 Y\u00fczeyi:<\/strong> 13 m\u00b2<\/li>\n<li><strong>\u00c7ekme Kuvveti:<\/strong> 85 Kg.<\/li>\n<li><strong>Darbeye Kar\u015f\u0131 Tepki:<\/strong> D-TRACK<\/li>\n<li><strong>Kilitleme:<\/strong> MEKAN\u0130K<\/li>\n<li><strong>Kilit A\u00e7ma:<\/strong> HALAT VEYA \u00c7EL\u0130K KABLO \u0130LE<\/li>\n<li><strong>Kullan\u0131m S\u0131kl\u0131\u011f\u0131:<\/strong> YO\u011eUN<\/li>\n<li><strong>\u00c7al\u0131\u015fma S\u0131cakl\u0131\u011f\u0131:<\/strong> -15 C +60 C<\/li>\n<li><strong>Koruma Derecesi:<\/strong> IP x20<\/li>\n<\/ul>\n","protected":false},"excerpt":{"rendered":"<p><strong>Voltaj:<\/strong> 24 V<br \/>\n<strong>Max. Kap\u0131 \u00d6l\u00e7\u00fcs\u00fc:<\/strong> 13 m\u00b2<br \/>\n<strong>2900 mm Zincirli Ray<\/strong><br \/>\n<strong>3500 mm Zincirli Ray<\/strong><\/p>\n","protected":false},"featured_media":396,"template":"","meta":[],"product_cat":[20],"product_tag":[],"class_list":{"0":"post-373","1":"product","2":"type-product","3":"status-publish","4":"has-post-thumbnail","6":"product_cat-seksiyonel-kapi-motorlari","8":"first","9":"instock","10":"purchasable","11":"product-type-simple"},"jetpack_sharing_enabled":true,"_links":{"self":[{"href":"https:\/\/www.takayotomatikkapi.com\/magaza\/wp-json\/wp\/v2\/product\/373","targetHints":{"allow":["GET"]}}],"collection":[{"href":"https:\/\/www.takayotomatikkapi.com\/magaza\/wp-json\/wp\/v2\/product"}],"about":[{"href":"https:\/\/www.takayotomatikkapi.com\/magaza\/wp-json\/wp\/v2\/types\/product"}],"wp:featuredmedia":[{"embeddable":true,"href":"https:\/\/www.takayotomatikkapi.com\/magaza\/wp-json\/wp\/v2\/media\/396"}],"wp:attachment":[{"href":"https:\/\/www.takayotomatikkapi.com\/magaza\/wp-json\/wp\/v2\/media?parent=373"}],"wp:term":[{"taxonomy":"product_cat","embeddable":true,"href":"https:\/\/www.takayotomatikkapi.com\/magaza\/wp-json\/wp\/v2\/product_cat?post=373"},{"taxonomy":"product_tag","embeddable":true,"href":"https:\/\/www.takayotomatikkapi.com\/magaza\/wp-json\/wp\/v2\/product_tag?post=373"}],"curies":[{"name":"wp","href":"https:\/\/api.w.org\/{rel}","templated":true}]}}