{"id":372,"date":"2024-09-25T17:25:21","date_gmt":"2024-09-25T17:25:21","guid":{"rendered":"https:\/\/www.takayotomatikkapi.com\/magaza\/?post_type=product&#038;p=372"},"modified":"2024-09-25T18:02:36","modified_gmt":"2024-09-25T18:02:36","slug":"giotto-bt-a-ultra-36-xl","status":"publish","type":"product","link":"https:\/\/www.takayotomatikkapi.com\/magaza\/urun\/giotto-bt-a-ultra-36-xl\/","title":{"rendered":"GIOTTO BT A ULTRA 36 XL"},"content":{"rendered":"<h4><strong>Teknik \u00d6zellikler;<\/strong><\/h4>\n<ul>\n<li><strong>Kontrol \u00dcnitesi:<\/strong> MERAK GIOTTO ULTRA 36<\/li>\n<li><strong>Besleme:<\/strong> 24 V<\/li>\n<li><strong>Kullan\u0131lan Elektrik G\u00fcc\u00fc:<\/strong> 300 W<\/li>\n<li><strong>Limit Switch Tipi:<\/strong> ELEKTRON\u0130K A\u00c7 KAPA<\/li>\n<li><strong>Ge\u00e7i\u015f Mesafesi:<\/strong> 4,5 \u2013 5 \u2013 6 mt.<\/li>\n<li><strong>A\u00e7\u0131lma Kapanma S\u00fcresi:<\/strong> 3,4 sn<\/li>\n<li><strong>Darbeye Kar\u015f\u0131 Tepki:<\/strong> KODLAYICI<\/li>\n<li><strong>Kilitleme:<\/strong> MEKAN\u0130K<\/li>\n<li><strong>Kilit A\u00e7ma:<\/strong> K\u0130\u015e\u0130SELLE\u015eT\u0130R\u0130LM\u0130\u015e ANAHTAR<\/li>\n<li><strong>Kullan\u0131m S\u0131kl\u0131\u011f\u0131:<\/strong> \u00c7OK YO\u011eUN<\/li>\n<li><strong>\u00c7al\u0131\u015fma S\u0131cakl\u0131\u011f\u0131:<\/strong> -20 C +55 C<\/li>\n<li><strong>Koruma Derecesi:<\/strong> IP 54<\/li>\n<\/ul>\n","protected":false},"excerpt":{"rendered":"<p>\u0130\u00e7erik;<\/p>\n<ul>\n<li><strong>Giotto Bariyer G\u00f6vde<\/strong> (1 Adet)<\/li>\n<li><strong>Omega ES \u2013 Kol Ba\u011flant\u0131 Kiti<\/strong> (1 Adet)<\/li>\n<li><strong>Boom ES \u2013 Bariyer Kolu 3, 4, 5, 6 mt<\/strong> (1 Adet)<\/li>\n<li><strong>Compacta Emniyet Fotoseli<\/strong> (1 Adet)<\/li>\n<li><strong>Radius LED 24 V Antenli Fla\u015f\u00f6r<\/strong> (1 Adet)<\/li>\n<li><strong>Mitto 2B Kumanda<\/strong> (2 Adet)<\/li>\n<li><strong>CBO \u2013 Taban Montaj Aparat\u0131<\/strong> (1 Adet)<\/li>\n<li><strong>FAF 2 \u2013 Bariyer Kolu Oturma \u00c7atal\u0131<\/strong> (1 Adet)<\/li>\n<\/ul>\n<p><strong>Voltaj:<\/strong> 24 V<br \/>\n<strong>Max. Kol Uzunlu\u011fu:<\/strong> 4,5 \u2013 5 \u2013 6 mt.<\/p>\n","protected":false},"featured_media":379,"template":"","meta":[],"product_cat":[18],"product_tag":[],"class_list":{"0":"post-372","1":"product","2":"type-product","3":"status-publish","4":"has-post-thumbnail","6":"product_cat-bariyer-sistemleri","8":"first","9":"instock","10":"purchasable","11":"product-type-simple"},"jetpack_sharing_enabled":true,"_links":{"self":[{"href":"https:\/\/www.takayotomatikkapi.com\/magaza\/wp-json\/wp\/v2\/product\/372","targetHints":{"allow":["GET"]}}],"collection":[{"href":"https:\/\/www.takayotomatikkapi.com\/magaza\/wp-json\/wp\/v2\/product"}],"about":[{"href":"https:\/\/www.takayotomatikkapi.com\/magaza\/wp-json\/wp\/v2\/types\/product"}],"wp:featuredmedia":[{"embeddable":true,"href":"https:\/\/www.takayotomatikkapi.com\/magaza\/wp-json\/wp\/v2\/media\/379"}],"wp:attachment":[{"href":"https:\/\/www.takayotomatikkapi.com\/magaza\/wp-json\/wp\/v2\/media?parent=372"}],"wp:term":[{"taxonomy":"product_cat","embeddable":true,"href":"https:\/\/www.takayotomatikkapi.com\/magaza\/wp-json\/wp\/v2\/product_cat?post=372"},{"taxonomy":"product_tag","embeddable":true,"href":"https:\/\/www.takayotomatikkapi.com\/magaza\/wp-json\/wp\/v2\/product_tag?post=372"}],"curies":[{"name":"wp","href":"https:\/\/api.w.org\/{rel}","templated":true}]}}