{"id":370,"date":"2024-09-25T17:22:32","date_gmt":"2024-09-25T17:22:32","guid":{"rendered":"https:\/\/www.takayotomatikkapi.com\/magaza\/?post_type=product&#038;p=370"},"modified":"2024-09-25T18:21:05","modified_gmt":"2024-09-25T18:21:05","slug":"moovi-60","status":"publish","type":"product","link":"https:\/\/www.takayotomatikkapi.com\/magaza\/urun\/moovi-60\/","title":{"rendered":"MOOVI 60"},"content":{"rendered":"<h4><strong>Teknik \u00d6zellikler;<\/strong><\/h4>\n<ul>\n<li><strong>Kontrol \u00dcnitesi:<\/strong> ALPHA BOM<\/li>\n<li><strong>Besleme:<\/strong> 230 V<\/li>\n<li><strong>Kullan\u0131lan Elektrik G\u00fcc\u00fc:<\/strong> 300 W<\/li>\n<li><strong>Limit Switch Tipi:<\/strong> ELEKTR\u0130KL\u0130 AYARLANAB\u0130L\u0130R<\/li>\n<li><strong>Ge\u00e7i\u015f Mesafesi:<\/strong> 5 mt<\/li>\n<li><strong>A\u00e7\u0131lma \u2013 Kapanma S\u00fcresi:<\/strong> 8 sn<\/li>\n<li><strong>Darbeye Kar\u015f\u0131 Tepki:<\/strong> HASSAS KENAR<\/li>\n<li><strong>Kilitleme:<\/strong> MEKAN\u0130K<\/li>\n<li><strong>Kilit A\u00e7ma:<\/strong> K\u0130\u015e\u0130SELLE\u015eT\u0130R\u0130LM\u0130\u015e ANAHTAR<\/li>\n<li><strong>Kullan\u0131m S\u0131kl\u0131\u011f\u0131:<\/strong> YARI YO\u011eUN<\/li>\n<li><strong>\u00c7al\u0131\u015fma S\u0131cakl\u0131\u011f\u0131:<\/strong> -20 C +50 C<\/li>\n<li><strong>Koruma Derecesi:<\/strong> IP 24<\/li>\n<\/ul>\n","protected":false},"excerpt":{"rendered":"<p>\u0130\u00e7erik;<\/p>\n<ul>\n<li><strong>Moovi Bariyer G\u00f6vde<\/strong> (1 Adet)<\/li>\n<li><strong>Kol Ba\u011flant\u0131 Aparat\u0131<\/strong> (1 Adet)<\/li>\n<li><strong>ELL 3 \/ ELL 4 \/ ELL 5 Bariyer Kolu<\/strong> (1 Adet)<\/li>\n<li><strong>Compacta Emniyet Fotoselli<\/strong> (1 Adet)<\/li>\n<li><strong>Radius LED 230 V Antenli Fla\u015f\u00f6r<\/strong> (1 Adet)<\/li>\n<li><strong>Mitto 2B Kumanda<\/strong> (2 Adet)<\/li>\n<li><strong>CBO &#8211; Taban Montaj Aparat\u0131<\/strong> (1 Adet)<\/li>\n<li><strong>FAF 2 \u2013 Bariyer Kolu Oturma \u00c7atal\u0131<\/strong> (1 Adet)<\/li>\n<\/ul>\n<p><strong>Voltaj:<\/strong> 230 V<br \/>\n<strong>Max. Kol uzunlu\u011fu:<\/strong> 4-5 mt<\/p>\n","protected":false},"featured_media":386,"template":"","meta":[],"product_cat":[18],"product_tag":[],"class_list":{"0":"post-370","1":"product","2":"type-product","3":"status-publish","4":"has-post-thumbnail","6":"product_cat-bariyer-sistemleri","8":"first","9":"instock","10":"purchasable","11":"product-type-simple"},"jetpack_sharing_enabled":true,"_links":{"self":[{"href":"https:\/\/www.takayotomatikkapi.com\/magaza\/wp-json\/wp\/v2\/product\/370","targetHints":{"allow":["GET"]}}],"collection":[{"href":"https:\/\/www.takayotomatikkapi.com\/magaza\/wp-json\/wp\/v2\/product"}],"about":[{"href":"https:\/\/www.takayotomatikkapi.com\/magaza\/wp-json\/wp\/v2\/types\/product"}],"wp:featuredmedia":[{"embeddable":true,"href":"https:\/\/www.takayotomatikkapi.com\/magaza\/wp-json\/wp\/v2\/media\/386"}],"wp:attachment":[{"href":"https:\/\/www.takayotomatikkapi.com\/magaza\/wp-json\/wp\/v2\/media?parent=370"}],"wp:term":[{"taxonomy":"product_cat","embeddable":true,"href":"https:\/\/www.takayotomatikkapi.com\/magaza\/wp-json\/wp\/v2\/product_cat?post=370"},{"taxonomy":"product_tag","embeddable":true,"href":"https:\/\/www.takayotomatikkapi.com\/magaza\/wp-json\/wp\/v2\/product_tag?post=370"}],"curies":[{"name":"wp","href":"https:\/\/api.w.org\/{rel}","templated":true}]}}