{"id":368,"date":"2024-09-25T15:06:20","date_gmt":"2024-09-25T15:06:20","guid":{"rendered":"https:\/\/www.takayotomatikkapi.com\/magaza\/?post_type=product&#038;p=368"},"modified":"2026-01-22T10:14:23","modified_gmt":"2026-01-22T10:14:23","slug":"lux-g-motor","status":"publish","type":"product","link":"https:\/\/www.takayotomatikkapi.com\/magaza\/urun\/lux-g-motor\/","title":{"rendered":"LUX G MOTOR"},"content":{"rendered":"<h4><strong>Teknik \u00d6zellikler;<\/strong><\/h4>\n<ul>\n<li><strong>Kontrol \u00dcnitesi:<\/strong> ALCOR AC A<\/li>\n<li><strong>Besleme:<\/strong> 230 V<\/li>\n<li><strong>Kullan\u0131lan Elektrik G\u00fcc\u00fc:<\/strong> 250 W<\/li>\n<li><strong>Limit Switch Tipi:<\/strong> \u00c7ALI\u015eMA S\u00dcRES\u0130<\/li>\n<li><strong>Yava\u015flatma:<\/strong> YOK<\/li>\n<li><strong>A\u00e7\u0131lma \u2013 Kapanma S\u00fcresi:<\/strong> 33 s<\/li>\n<li><strong>Darbeye Kar\u015f\u0131 Tepki:<\/strong> H\u0130DROL\u0130K KAVRAMA<\/li>\n<li><strong>Kilitleme:<\/strong> ELEKTR\u0130KL\u0130 K\u0130L\u0130T \u0130LE<\/li>\n<li><strong>Kilit A\u00e7ma:<\/strong> TERS \u00c7EV\u0130R\u0130LEB\u0130L\u0130R<\/li>\n<li><strong>Max. A\u00e7\u0131:<\/strong> 123 DERECE<\/li>\n<li><strong>Kullan\u0131m S\u0131kl\u0131\u011f\u0131:<\/strong> \u00c7OK YO\u011eUN<\/li>\n<li><strong>\u00c7al\u0131\u015fma S\u0131cakl\u0131\u011f\u0131:<\/strong> -10 C +55 C<\/li>\n<li><strong>Koruma Derecesi:<\/strong> IP 57<\/li>\n<\/ul>\n","protected":false},"excerpt":{"rendered":"<p>\u0130\u00e7erik;<\/p>\n<ul>\n<li><strong>Lux Motor<\/strong> (2 Adet)<\/li>\n<li><strong>Alcor AC A Kontrol Kart\u0131<\/strong> (1 Adet)<\/li>\n<li><strong>Compacta Emniyet Fotoseli<\/strong> (1 Adet)<\/li>\n<li><strong>Radius LED 230 V Antenli Fla\u015f\u00f6r<\/strong> (1 Adet)<\/li>\n<li><strong>Mitto 2B Kumanda<\/strong> (2 Adet)<\/li>\n<\/ul>\n<p><strong>Voltaj:<\/strong> 230 V<br \/>\n<strong>Max. Kap\u0131 A\u011f\u0131rl\u0131\u011f\u0131:<\/strong> 800 Kg<br \/>\n<strong>Max. Kap\u0131 Uzunlu\u011fu:<\/strong> 5 mt.<br \/>\n<strong>TEK MOTOR<\/strong><\/p>\n","protected":false},"featured_media":390,"template":"","meta":[],"product_cat":[19],"product_tag":[],"class_list":{"0":"post-368","1":"product","2":"type-product","3":"status-publish","4":"has-post-thumbnail","6":"product_cat-dairesel-kapi-motorlari","8":"first","9":"instock","10":"purchasable","11":"product-type-simple"},"jetpack_sharing_enabled":true,"_links":{"self":[{"href":"https:\/\/www.takayotomatikkapi.com\/magaza\/wp-json\/wp\/v2\/product\/368","targetHints":{"allow":["GET"]}}],"collection":[{"href":"https:\/\/www.takayotomatikkapi.com\/magaza\/wp-json\/wp\/v2\/product"}],"about":[{"href":"https:\/\/www.takayotomatikkapi.com\/magaza\/wp-json\/wp\/v2\/types\/product"}],"wp:featuredmedia":[{"embeddable":true,"href":"https:\/\/www.takayotomatikkapi.com\/magaza\/wp-json\/wp\/v2\/media\/390"}],"wp:attachment":[{"href":"https:\/\/www.takayotomatikkapi.com\/magaza\/wp-json\/wp\/v2\/media?parent=368"}],"wp:term":[{"taxonomy":"product_cat","embeddable":true,"href":"https:\/\/www.takayotomatikkapi.com\/magaza\/wp-json\/wp\/v2\/product_cat?post=368"},{"taxonomy":"product_tag","embeddable":true,"href":"https:\/\/www.takayotomatikkapi.com\/magaza\/wp-json\/wp\/v2\/product_tag?post=368"}],"curies":[{"name":"wp","href":"https:\/\/api.w.org\/{rel}","templated":true}]}}