{"id":364,"date":"2024-09-25T14:54:57","date_gmt":"2024-09-25T14:54:57","guid":{"rendered":"https:\/\/www.takayotomatikkapi.com\/magaza\/?post_type=product&#038;p=364"},"modified":"2025-08-14T07:36:00","modified_gmt":"2025-08-14T07:36:00","slug":"phobos-bt-kit-b25-int","status":"publish","type":"product","link":"https:\/\/www.takayotomatikkapi.com\/magaza\/urun\/phobos-bt-kit-b25-int\/","title":{"rendered":"PHOBOS BT KIT B25 INT"},"content":{"rendered":"<p>Teknik \u00d6zellikler;<\/p>\n<ul>\n<li><strong>Kontrol \u00dcnitesi: <\/strong>ZARA BT L2<\/li>\n<li><strong>Besleme: <\/strong>24 V<\/li>\n<li><strong>Kullan\u0131lan Elektrik G\u00fcc\u00fc: <\/strong>40 W<\/li>\n<li><strong>Limit Switch Tipi: <\/strong>MANYET\u0130K<\/li>\n<li><strong>Yava\u015flatma: <\/strong>VAR<\/li>\n<li><strong>A\u00e7\u0131lma \u2013 Kapanma S\u00fcresi: <\/strong>A25 \u2013 15 sn \/ A40 \u2013 20sn<\/li>\n<li><strong>Darbeye Kar\u015f\u0131 Tepki: <\/strong>D-TRACK<\/li>\n<li><strong>Kilitleme: <\/strong>MEKAN\u0130K<\/li>\n<li><strong>Kilit A\u00e7ma: <\/strong>VAR<\/li>\n<li><strong>Maksimum A\u00e7\u0131: <\/strong>116 Derece<\/li>\n<li><strong>Kullan\u0131m S\u0131kl\u0131\u011f\u0131: <\/strong>YO\u011eUN<\/li>\n<li><strong>\u00c7al\u0131\u015fma S\u0131cakl\u0131\u011f\u0131: <\/strong>-20 C +55 C<\/li>\n<li><strong>Koruma Derecesi: <\/strong>IP X4<\/li>\n<\/ul>\n","protected":false},"excerpt":{"rendered":"<p>\u0130\u00e7erik;<\/p>\n<ul>\n<li><strong>Motor<\/strong> (1 Adet)<\/li>\n<li><strong>Kontrol Kart\u0131 <\/strong>(1 Adet)<\/li>\n<li><strong>Fotosel<\/strong> (1 Adet)<\/li>\n<li><strong>Fla\u015f\u00f6r<\/strong> (1 Adet)<\/li>\n<li><strong>Mitto 4B Yeni Model Kumanda<\/strong> (2 Adet)<\/li>\n<\/ul>\n<p><strong>Voltaj:<\/strong> 24 V<br \/>\n<strong>Max. Kap\u0131 A\u011f\u0131rl\u0131\u011f\u0131:<\/strong> 400 Kg<br \/>\n<strong>Max. Kap\u0131 Uzunlu\u011fu:<\/strong> 2,5 mt.<\/p>\n","protected":false},"featured_media":392,"template":"","meta":[],"product_cat":[19],"product_tag":[],"class_list":{"0":"post-364","1":"product","2":"type-product","3":"status-publish","4":"has-post-thumbnail","6":"product_cat-dairesel-kapi-motorlari","8":"first","9":"instock","10":"purchasable","11":"product-type-simple"},"jetpack_sharing_enabled":true,"_links":{"self":[{"href":"https:\/\/www.takayotomatikkapi.com\/magaza\/wp-json\/wp\/v2\/product\/364","targetHints":{"allow":["GET"]}}],"collection":[{"href":"https:\/\/www.takayotomatikkapi.com\/magaza\/wp-json\/wp\/v2\/product"}],"about":[{"href":"https:\/\/www.takayotomatikkapi.com\/magaza\/wp-json\/wp\/v2\/types\/product"}],"wp:featuredmedia":[{"embeddable":true,"href":"https:\/\/www.takayotomatikkapi.com\/magaza\/wp-json\/wp\/v2\/media\/392"}],"wp:attachment":[{"href":"https:\/\/www.takayotomatikkapi.com\/magaza\/wp-json\/wp\/v2\/media?parent=364"}],"wp:term":[{"taxonomy":"product_cat","embeddable":true,"href":"https:\/\/www.takayotomatikkapi.com\/magaza\/wp-json\/wp\/v2\/product_cat?post=364"},{"taxonomy":"product_tag","embeddable":true,"href":"https:\/\/www.takayotomatikkapi.com\/magaza\/wp-json\/wp\/v2\/product_tag?post=364"}],"curies":[{"name":"wp","href":"https:\/\/api.w.org\/{rel}","templated":true}]}}