{"id":359,"date":"2024-09-25T14:38:40","date_gmt":"2024-09-25T14:38:40","guid":{"rendered":"https:\/\/www.takayotomatikkapi.com\/magaza\/?post_type=product&#038;p=359"},"modified":"2026-01-22T12:54:26","modified_gmt":"2026-01-22T12:54:26","slug":"ares-veloce-1000","status":"publish","type":"product","link":"https:\/\/www.takayotomatikkapi.com\/magaza\/urun\/ares-veloce-1000\/","title":{"rendered":"ARES VELOCE 1000"},"content":{"rendered":"<h4><strong>Teknik \u00d6zellikler;<\/strong><\/h4>\n<ul>\n<li><strong>Kontrol \u00dcnitesi:<\/strong> HAMAL<\/li>\n<li><strong>Kart Beslemesi:<\/strong> 230 V<\/li>\n<li><strong>Besleme:<\/strong> 24 V<\/li>\n<li><strong>Kullan\u0131lan Elektrik G\u00fcc\u00fc:<\/strong> 240 W<\/li>\n<li><strong>A\u00e7\u0131lma \u2013 Kapanma H\u0131z\u0131:<\/strong> 18 m \/ dakika<\/li>\n<li><strong>Limit Switch Tipi:<\/strong> ELEKTROMEKAN\u0130K<\/li>\n<li><strong>Yava\u015flatma:<\/strong> VAR<\/li>\n<li><strong>Darbeye Kar\u015f\u0131 Tepki:<\/strong> D-TRACK<\/li>\n<li><strong>Kilitleme:<\/strong> MEKAN\u0130K<\/li>\n<li><strong>Kilit A\u00e7ma:<\/strong> K\u0130\u015e\u0130SEL ANAHTAR \u0130LE<\/li>\n<li><strong>Kullan\u0131m S\u0131kl\u0131\u011f\u0131:<\/strong> YO\u011eUN<\/li>\n<li><strong>\u00c7al\u0131\u015fma S\u0131cakl\u0131\u011f\u0131:<\/strong> -20 C +55 C<\/li>\n<li><strong>Koruma Derecesi:<\/strong> IP 24<\/li>\n<\/ul>\n","protected":false},"excerpt":{"rendered":"<p>Set;<\/p>\n<ul>\n<li><strong>Ares Motor<\/strong> (1 Adet)<\/li>\n<li><strong>Compacta Emniyet Fotoseli<\/strong> (1 Adet)<\/li>\n<li><strong>Radius LED 24 V Antenli Fla\u015f\u00f6r<\/strong> (1 Adet)<\/li>\n<li><strong>Mitto 2B Kumanda<\/strong> (2 Adet)<\/li>\n<li><strong>CFZ 22&#215;22 Kramayer Di\u015fli<\/strong> (4 m)<\/li>\n<\/ul>\n<p><strong>Voltaj:<\/strong> 24 V<br \/>\n<strong>Max. Kap\u0131 A\u011f\u0131rl\u0131\u011f\u0131:<\/strong> 500 Kg<br \/>\n<strong>Max. Kap\u0131 Uzunlu\u011fu:<\/strong> 9 m<br \/>\n<strong>TEK MOTOR<\/strong><\/p>\n","protected":false},"featured_media":402,"template":"","meta":[],"product_cat":[17],"product_tag":[],"class_list":{"0":"post-359","1":"product","2":"type-product","3":"status-publish","4":"has-post-thumbnail","6":"product_cat-yana-kayar-kapi-motorlari","8":"first","9":"instock","10":"purchasable","11":"product-type-simple"},"jetpack_sharing_enabled":true,"_links":{"self":[{"href":"https:\/\/www.takayotomatikkapi.com\/magaza\/wp-json\/wp\/v2\/product\/359","targetHints":{"allow":["GET"]}}],"collection":[{"href":"https:\/\/www.takayotomatikkapi.com\/magaza\/wp-json\/wp\/v2\/product"}],"about":[{"href":"https:\/\/www.takayotomatikkapi.com\/magaza\/wp-json\/wp\/v2\/types\/product"}],"wp:featuredmedia":[{"embeddable":true,"href":"https:\/\/www.takayotomatikkapi.com\/magaza\/wp-json\/wp\/v2\/media\/402"}],"wp:attachment":[{"href":"https:\/\/www.takayotomatikkapi.com\/magaza\/wp-json\/wp\/v2\/media?parent=359"}],"wp:term":[{"taxonomy":"product_cat","embeddable":true,"href":"https:\/\/www.takayotomatikkapi.com\/magaza\/wp-json\/wp\/v2\/product_cat?post=359"},{"taxonomy":"product_tag","embeddable":true,"href":"https:\/\/www.takayotomatikkapi.com\/magaza\/wp-json\/wp\/v2\/product_tag?post=359"}],"curies":[{"name":"wp","href":"https:\/\/api.w.org\/{rel}","templated":true}]}}