{"id":354,"date":"2024-09-25T14:01:51","date_gmt":"2024-09-25T14:01:51","guid":{"rendered":"https:\/\/www.takayotomatikkapi.com\/magaza\/?post_type=product&#038;p=354"},"modified":"2026-01-22T13:04:51","modified_gmt":"2026-01-22T13:04:51","slug":"deimos-ac-a800-sl-dn","status":"publish","type":"product","link":"https:\/\/www.takayotomatikkapi.com\/magaza\/urun\/deimos-ac-a800-sl-dn\/","title":{"rendered":"Deimos AC A800 SL DN"},"content":{"rendered":"<ul>\n<li><strong>Kontrol \u00dcnitesi:<\/strong> SHYRA F AC<\/li>\n<li><strong>Kart Beslemesi:<\/strong> 230 V<\/li>\n<li><strong>Besleme:<\/strong> 230 V<\/li>\n<li><strong>Kullan\u0131lan Elektrik G\u00fcc\u00fc:<\/strong> 300 w<\/li>\n<li><strong>A\u00e7\u0131lma \u2013 Kapanma H\u0131z\u0131:<\/strong> 9 m \/ dakika<\/li>\n<li><strong>Limit Switch Tipi:<\/strong> ELEKTROMEKAN\u0130K<\/li>\n<li><strong>Yava\u015flatma:<\/strong> YOK<\/li>\n<li><strong>Darbeye Kar\u015f\u0131 Tepki:<\/strong> ELEKTR\u0130KL\u0130 KAVRAMA<\/li>\n<li><strong>Kilitleme:<\/strong> MEKAN\u0130K<\/li>\n<li><strong>Kilit A\u00e7ma:<\/strong> K\u0130\u015e\u0130SEL ANAHTAR \u0130LE<\/li>\n<li><strong>Kullan\u0131m S\u0131kl\u0131\u011f\u0131:<\/strong> YARI YO\u011eUN<\/li>\n<li><strong>\u00c7al\u0131\u015fma S\u0131cakl\u0131\u011f\u0131:<\/strong> -20 C +55 C<\/li>\n<li><strong>Koruma Derecesi:<\/strong> IP 24<\/li>\n<\/ul>\n","protected":false},"excerpt":{"rendered":"<ul>\n<li><strong>Deimos AC A800 Motor<\/strong> (1 Adet)<\/li>\n<li><strong>Compacta Emniyet Fotoselli<\/strong> (1 Adet)<\/li>\n<li><strong>Radius LED 230V Antenli Fla\u015f\u00f6r<\/strong> (1 Adet)<\/li>\n<li><strong>Mitto 2B Kumanda<\/strong> (2 Adet)<\/li>\n<li><strong>CFZ 22X22 Kramyer Di\u015fli<\/strong> (4 m)<\/li>\n<\/ul>\n<p><strong>Voltaj:<\/strong> 230 V<br \/>\n<strong>Max. Kap\u0131 A\u011f\u0131rl\u0131\u011f\u0131:<\/strong> 800 Kg<br \/>\n<strong>Max. Kap\u0131 Uzunlu\u011fu:<\/strong> 6 m<br \/>\n<strong>TEK MOTOR<\/strong><\/p>\n","protected":false},"featured_media":404,"template":"","meta":[],"product_cat":[17],"product_tag":[],"class_list":{"0":"post-354","1":"product","2":"type-product","3":"status-publish","4":"has-post-thumbnail","6":"product_cat-yana-kayar-kapi-motorlari","8":"first","9":"instock","10":"purchasable","11":"product-type-simple"},"jetpack_sharing_enabled":true,"_links":{"self":[{"href":"https:\/\/www.takayotomatikkapi.com\/magaza\/wp-json\/wp\/v2\/product\/354","targetHints":{"allow":["GET"]}}],"collection":[{"href":"https:\/\/www.takayotomatikkapi.com\/magaza\/wp-json\/wp\/v2\/product"}],"about":[{"href":"https:\/\/www.takayotomatikkapi.com\/magaza\/wp-json\/wp\/v2\/types\/product"}],"wp:featuredmedia":[{"embeddable":true,"href":"https:\/\/www.takayotomatikkapi.com\/magaza\/wp-json\/wp\/v2\/media\/404"}],"wp:attachment":[{"href":"https:\/\/www.takayotomatikkapi.com\/magaza\/wp-json\/wp\/v2\/media?parent=354"}],"wp:term":[{"taxonomy":"product_cat","embeddable":true,"href":"https:\/\/www.takayotomatikkapi.com\/magaza\/wp-json\/wp\/v2\/product_cat?post=354"},{"taxonomy":"product_tag","embeddable":true,"href":"https:\/\/www.takayotomatikkapi.com\/magaza\/wp-json\/wp\/v2\/product_tag?post=354"}],"curies":[{"name":"wp","href":"https:\/\/api.w.org\/{rel}","templated":true}]}}