{"id":127,"date":"2024-09-23T12:00:22","date_gmt":"2024-09-23T12:00:22","guid":{"rendered":"https:\/\/www.takayotomatikkapi.com\/magaza\/?page_id=127"},"modified":"2024-09-23T12:09:01","modified_gmt":"2024-09-23T12:09:01","slug":"hakkimizda","status":"publish","type":"page","link":"https:\/\/www.takayotomatikkapi.com\/magaza\/hakkimizda\/","title":{"rendered":"Hakk\u0131m\u0131zda"},"content":{"rendered":"\n\t<section class=\"section\" id=\"section_1869918975\">\n\t\t<div class=\"section-bg fill\" >\n\t\t\t\t\t\t\t\t\t\n\t\t\t\n\n\t\t<\/div>\n\n\t\t\n\n\t\t<div class=\"section-content relative\">\n\t\t\t\n\n<div class=\"row\"  id=\"row-301734360\">\n\n\n\t<div id=\"col-708763363\" class=\"col medium-4 small-12 large-4\"  >\n\t\t\t\t<div class=\"col-inner\"  >\n\t\t\t\n\t\t\t\n\n<h1 style=\"color:black;\">Biz kimiz?<\/h1>\n<blockquote>\n<p style=\"color:black\">Uzun y\u0131llar\u0131n verdi\u011fi tecr\u00fcbemizle, Takay Otomatik Kap\u0131 olarak g\u00fcvenilir, modern ve estetik ge\u00e7i\u015f sistemleri sunuyoruz. \u0130leri teknoloji \u00e7\u00f6z\u00fcmlerimizle, ya\u015fam alanlar\u0131n\u0131za konfor ve g\u00fcven katarken, her zaman m\u00fc\u015fteri memnuniyetini \u00f6n planda tutuyoruz. Profesyonel ekibimizle, her projede kaliteyi ve dayan\u0131kl\u0131l\u0131\u011f\u0131 garanti ediyoruz.<\/p>\n<\/blockquote>\n\n\n\t\t<\/div>\n\t\t\t\t\t<\/div>\n\n\t\n\n\t<div id=\"col-22123689\" class=\"col medium-8 small-12 large-8\"  >\n\t\t\t\t<div class=\"col-inner\"  >\n\t\t\t\n\t\t\t\n\n<p><span style=\"color: #000000; font-family: Arial;\"><b>Takay Otomatik Kap\u0131<\/b>\u00a0olarak, \u0130zmir ve \u00e7evresinde uzun y\u0131llard\u0131r otomatik kap\u0131 sistemleri alan\u0131nda uzmanla\u015fm\u0131\u015f bir firmay\u0131z. M\u00fc\u015fterilerimizin ihtiya\u00e7lar\u0131na y\u00f6nelik yenilik\u00e7i, g\u00fcvenli ve estetik \u00e7\u00f6z\u00fcmler sunuyoruz. \u00dcr\u00fcn yelpazemizde fotoselli kap\u0131lar, s\u00fcrg\u00fcl\u00fc kap\u0131lar, bariyer sistemleri, motorlu kap\u0131lar ve lazer kesim \u00e7elik kap\u0131lar gibi \u00e7e\u015fitli se\u00e7enekler bulunmaktad\u0131r. Her proje, profesyonel ekibimiz taraf\u0131ndan detayl\u0131 bir analizle ele al\u0131narak, en uygun tasar\u0131m, montaj ve bak\u0131m hizmetleri sa\u011flanmaktad\u0131r.<\/span><\/p>\n<p><span style=\"color: #000000; font-family: Arial;\">Kaliteye verdi\u011fimiz \u00f6nem ve m\u00fc\u015fteri memnuniyeti odakl\u0131 yakla\u015f\u0131m\u0131m\u0131zla, otomatik kap\u0131 sistemlerinde g\u00fcvenilir bir \u00e7\u00f6z\u00fcm orta\u011f\u0131 olmay\u0131 ama\u00e7l\u0131yoruz. Teknolojiyi yak\u0131ndan takip eden ve sekt\u00f6rdeki en yeni trendleri uygulayan ekibimiz, projelerinizi zaman\u0131nda ve sorunsuz bir \u015fekilde teslim eder. Hem ticari hem de bireysel projelerde edindi\u011fimiz tecr\u00fcbeyle, sizlere y\u00fcksek standartlarda hizmet sunmay\u0131 hedefliyoruz.<\/span><\/p>\n<p><span style=\"color: #000000; font-family: Arial;\"><b>Takay Otomatik Kap\u0131<\/b>, dayan\u0131kl\u0131 ve g\u00fcvenli ge\u00e7i\u015f sistemleri sunarak, ya\u015fam alanlar\u0131n\u0131z\u0131 daha modern ve konforlu hale getirmek i\u00e7in daima yan\u0131n\u0131zda. Bizimle \u00e7al\u0131\u015farak, uzun \u00f6m\u00fcrl\u00fc ve estetik \u00e7\u00f6z\u00fcmlerle tan\u0131\u015f\u0131n!<\/span><\/p>\n\n\t\t<\/div>\n\t\t\t\t\t<\/div>\n\n\t\n\n<\/div>\n<div class=\"row\"  id=\"row-709486573\">\n\n\n\t<div id=\"col-329575964\" class=\"col medium-4 small-12 large-4\"  >\n\t\t\t\t<div class=\"col-inner box-shadow-3\"  >\n\t\t\t\n\t\t\t\n\n\n\t\t<div class=\"icon-box featured-box icon-box-top text-left\"  style=\"margin:5px 5px 5px 5px;\">\n\t\t\t\t\t<div class=\"icon-box-img\" style=\"width: 60px\">\n\t\t\t\t<div class=\"icon\">\n\t\t\t\t\t<div class=\"icon-inner\" >\n\t\t\t\t\t\t<img decoding=\"async\" width=\"47\" height=\"47\" src=\"https:\/\/www.takayotomatikkapi.com\/magaza\/wp-content\/uploads\/2024\/09\/feature-icon1.png\" class=\"attachment-medium size-medium\" alt=\"\" \/>\t\t\t\t\t<\/div>\n\t\t\t\t<\/div>\n\t\t\t<\/div>\n\t\t\t\t<div class=\"icon-box-text last-reset\">\n\t\t\t\t\t\t\t\t\t\n\n<h2 style=\"color: black;\">Zaman\u0131nda Teslimat<\/h2>\n<p style=\"color: black;\">Projelerimizi belirlenen s\u00fcrede tamamlamaya \u00f6zen g\u00f6steriyoruz. Zaman\u0131nda teslimat, memnuniyetin temel unsurlar\u0131ndan biridir.<\/p>\n\n\t\t<\/div>\n\t<\/div>\n\t\n\t\n\n\t\t<\/div>\n\t\t\t\t\t<\/div>\n\n\t\n\n\t<div id=\"col-453230010\" class=\"col medium-4 small-12 large-4\"  >\n\t\t\t\t<div class=\"col-inner box-shadow-3\"  >\n\t\t\t\n\t\t\t\n\n\n\t\t<div class=\"icon-box featured-box icon-box-top text-left\"  style=\"margin:5px 5px 5px 5px;\">\n\t\t\t\t\t<div class=\"icon-box-img\" style=\"width: 60px\">\n\t\t\t\t<div class=\"icon\">\n\t\t\t\t\t<div class=\"icon-inner\" >\n\t\t\t\t\t\t<img decoding=\"async\" width=\"48\" height=\"48\" src=\"https:\/\/www.takayotomatikkapi.com\/magaza\/wp-content\/uploads\/2024\/09\/feature-icon2.png\" class=\"attachment-medium size-medium\" alt=\"\" \/>\t\t\t\t\t<\/div>\n\t\t\t\t<\/div>\n\t\t\t<\/div>\n\t\t\t\t<div class=\"icon-box-text last-reset\">\n\t\t\t\t\t\t\t\t\t\n\n<h2 style=\"color:black\">Profesyonel Ekip<\/h2>\n<p style=\"color:black\">Alan\u0131nda uzman ekibimizle her projede y\u00fcksek kaliteli \u00e7\u00f6z\u00fcmler sunuyoruz. Deneyim ve profesyonellik, her ad\u0131mda bizi farkl\u0131 k\u0131l\u0131yor.<\/p>\n\n\n\t\t<\/div>\n\t<\/div>\n\t\n\t\n\n\t\t<\/div>\n\t\t\t\t\t<\/div>\n\n\t\n\n\t<div id=\"col-1539893804\" class=\"col medium-4 small-12 large-4\"  >\n\t\t\t\t<div class=\"col-inner box-shadow-3\"  >\n\t\t\t\n\t\t\t\n\n\n\t\t<div class=\"icon-box featured-box icon-box-top text-left\"  style=\"margin:5px 5px 5px 5px;\">\n\t\t\t\t\t<div class=\"icon-box-img\" style=\"width: 60px\">\n\t\t\t\t<div class=\"icon\">\n\t\t\t\t\t<div class=\"icon-inner\" >\n\t\t\t\t\t\t<img decoding=\"async\" width=\"47\" height=\"47\" src=\"https:\/\/www.takayotomatikkapi.com\/magaza\/wp-content\/uploads\/2024\/09\/feature-icon1.png\" class=\"attachment-medium size-medium\" alt=\"\" \/>\t\t\t\t\t<\/div>\n\t\t\t\t<\/div>\n\t\t\t<\/div>\n\t\t\t\t<div class=\"icon-box-text last-reset\">\n\t\t\t\t\t\t\t\t\t\n\n<h2 style=\"color:black\">\u0130leri Teknoloji<\/h2>\n<p style=\"color:black\">Son teknolojileri kullanarak, modern ve g\u00fcvenilir otomatik kap\u0131 sistemleri sunuyoruz. Yenilik\u00e7i \u00e7\u00f6z\u00fcmlerle her zaman bir ad\u0131m \u00f6ndeyiz.<\/p>\n\n\n\t\t<\/div>\n\t<\/div>\n\t\n\t\n\n\t\t<\/div>\n\t\t\t\t\t<\/div>\n\n\t\n\n<\/div>\n\n\t\t<\/div>\n\n\t\t\n<style>\n#section_1869918975 {\n  padding-top: 30px;\n  padding-bottom: 30px;\n}\n<\/style>\n\t<\/section>\n\t","protected":false},"excerpt":{"rendered":"","protected":false},"author":1,"featured_media":0,"parent":0,"menu_order":0,"comment_status":"closed","ping_status":"closed","template":"","meta":{"footnotes":""},"class_list":["post-127","page","type-page","status-publish","hentry"],"jetpack_sharing_enabled":true,"_links":{"self":[{"href":"https:\/\/www.takayotomatikkapi.com\/magaza\/wp-json\/wp\/v2\/pages\/127","targetHints":{"allow":["GET"]}}],"collection":[{"href":"https:\/\/www.takayotomatikkapi.com\/magaza\/wp-json\/wp\/v2\/pages"}],"about":[{"href":"https:\/\/www.takayotomatikkapi.com\/magaza\/wp-json\/wp\/v2\/types\/page"}],"author":[{"embeddable":true,"href":"https:\/\/www.takayotomatikkapi.com\/magaza\/wp-json\/wp\/v2\/users\/1"}],"replies":[{"embeddable":true,"href":"https:\/\/www.takayotomatikkapi.com\/magaza\/wp-json\/wp\/v2\/comments?post=127"}],"version-history":[{"count":15,"href":"https:\/\/www.takayotomatikkapi.com\/magaza\/wp-json\/wp\/v2\/pages\/127\/revisions"}],"predecessor-version":[{"id":145,"href":"https:\/\/www.takayotomatikkapi.com\/magaza\/wp-json\/wp\/v2\/pages\/127\/revisions\/145"}],"wp:attachment":[{"href":"https:\/\/www.takayotomatikkapi.com\/magaza\/wp-json\/wp\/v2\/media?parent=127"}],"curies":[{"name":"wp","href":"https:\/\/api.w.org\/{rel}","templated":true}]}}