{"id":103,"date":"2024-09-23T11:45:55","date_gmt":"2024-09-23T11:45:55","guid":{"rendered":"https:\/\/www.takayotomatikkapi.com\/magaza\/?page_id=103"},"modified":"2024-09-23T11:57:45","modified_gmt":"2024-09-23T11:57:45","slug":"iletisim","status":"publish","type":"page","link":"https:\/\/www.takayotomatikkapi.com\/magaza\/iletisim\/","title":{"rendered":"\u0130leti\u015fim"},"content":{"rendered":"\n\t<section class=\"section\" id=\"section_1215570003\">\n\t\t<div class=\"section-bg fill\" >\n\t\t\t\t\t\t\t\t\t\n\t\t\t\n\n\t\t<\/div>\n\n\t\t\n\n\t\t<div class=\"section-content relative\">\n\t\t\t\n\n<div class=\"row\"  id=\"row-1638888435\">\n\n\n\t<div id=\"col-1388097173\" class=\"col medium-4 small-12 large-4\"  >\n\t\t\t\t<div class=\"col-inner box-shadow-4 box-shadow-1-hover\"  >\n\t\t\t\n\t\t\t\n\n\t<div class=\"box has-hover   has-hover box-text-bottom\" >\n\n\t\t<div class=\"box-image\" style=\"width:33%;\">\n\t\t\t\t\t\t<div class=\"\" >\n\t\t\t\t<img decoding=\"async\" width=\"250\" height=\"250\" src=\"https:\/\/www.takayotomatikkapi.com\/magaza\/wp-content\/uploads\/2024\/09\/telefon-icon.png\" class=\"attachment- size-\" alt=\"telefon-icon\" srcset=\"https:\/\/www.takayotomatikkapi.com\/magaza\/wp-content\/uploads\/2024\/09\/telefon-icon.png 250w, https:\/\/www.takayotomatikkapi.com\/magaza\/wp-content\/uploads\/2024\/09\/telefon-icon-150x150.png 150w, https:\/\/www.takayotomatikkapi.com\/magaza\/wp-content\/uploads\/2024\/09\/telefon-icon-100x100.png 100w\" sizes=\"(max-width: 250px) 100vw, 250px\" \/>\t\t\t\t\t\t\t\t\t\t\t<\/div>\n\t\t\t\t\t<\/div>\n\n\t\t<div class=\"box-text text-center\" >\n\t\t\t<div class=\"box-text-inner\">\n\t\t\t\t\n\n<h3><a href=\"tel:+905547381319\">+90 554 738 13 19<\/a><\/h3>\n\n\n\t\t\t<\/div>\n\t\t<\/div>\n\t<\/div>\n\t\n\n\t\t<\/div>\n\t\t\t\t\t<\/div>\n\n\t\n\n\t<div id=\"col-760465936\" class=\"col medium-4 small-12 large-4\"  >\n\t\t\t\t<div class=\"col-inner box-shadow-4 box-shadow-1-hover\"  >\n\t\t\t\n\t\t\t\n\n\t<div class=\"box has-hover   has-hover box-text-bottom\" >\n\n\t\t<div class=\"box-image\" style=\"width:33%;\">\n\t\t\t\t\t\t<div class=\"\" >\n\t\t\t\t<img decoding=\"async\" width=\"250\" height=\"250\" src=\"https:\/\/www.takayotomatikkapi.com\/magaza\/wp-content\/uploads\/2024\/09\/mail-icon.png\" class=\"attachment- size-\" alt=\"\" srcset=\"https:\/\/www.takayotomatikkapi.com\/magaza\/wp-content\/uploads\/2024\/09\/mail-icon.png 250w, https:\/\/www.takayotomatikkapi.com\/magaza\/wp-content\/uploads\/2024\/09\/mail-icon-150x150.png 150w, https:\/\/www.takayotomatikkapi.com\/magaza\/wp-content\/uploads\/2024\/09\/mail-icon-100x100.png 100w\" sizes=\"(max-width: 250px) 100vw, 250px\" \/>\t\t\t\t\t\t\t\t\t\t\t<\/div>\n\t\t\t\t\t<\/div>\n\n\t\t<div class=\"box-text text-center\" >\n\t\t\t<div class=\"box-text-inner\">\n\t\t\t\t\n\n<h3><a href=\"mailto:info@takayotomatikkapi.com\">info@takayotomatikkapi.com<\/a><\/h3>\n\n\n\t\t\t<\/div>\n\t\t<\/div>\n\t<\/div>\n\t\n\n\t\t<\/div>\n\t\t\t\t\t<\/div>\n\n\t\n\n\t<div id=\"col-1723735191\" class=\"col medium-4 small-12 large-4\"  >\n\t\t\t\t<div class=\"col-inner box-shadow-4 box-shadow-1-hover\"  >\n\t\t\t\n\t\t\t\n\n\t<div class=\"box has-hover   has-hover box-text-bottom\" >\n\n\t\t<div class=\"box-image\" style=\"width:28%;\">\n\t\t\t\t\t\t<div class=\"\" >\n\t\t\t\t<img decoding=\"async\" width=\"320\" height=\"320\" src=\"https:\/\/www.takayotomatikkapi.com\/magaza\/wp-content\/uploads\/2024\/09\/harita.webp\" class=\"attachment- size-\" alt=\"\" srcset=\"https:\/\/www.takayotomatikkapi.com\/magaza\/wp-content\/uploads\/2024\/09\/harita.webp 320w, https:\/\/www.takayotomatikkapi.com\/magaza\/wp-content\/uploads\/2024\/09\/harita-300x300.webp 300w, https:\/\/www.takayotomatikkapi.com\/magaza\/wp-content\/uploads\/2024\/09\/harita-150x150.webp 150w, https:\/\/www.takayotomatikkapi.com\/magaza\/wp-content\/uploads\/2024\/09\/harita-100x100.webp 100w\" sizes=\"(max-width: 320px) 100vw, 320px\" \/>\t\t\t\t\t\t\t\t\t\t\t<\/div>\n\t\t\t\t\t<\/div>\n\n\t\t<div class=\"box-text text-center\" >\n\t\t\t<div class=\"box-text-inner\">\n\t\t\t\t\n\n<h4><a>29 Ekim Mahallesi Ova K\u00fcme Evler, No: 45\/14, Menemen &#8211; \u0130zmir<\/a><\/h4>\n\n\n\t\t\t<\/div>\n\t\t<\/div>\n\t<\/div>\n\t\n\n\t\t<\/div>\n\t\t\t\t\t<\/div>\n\n\t\n\n<\/div>\n<div class=\"row\"  id=\"row-2047476215\">\n\n\n\t<div id=\"col-1792751860\" class=\"col medium-6 small-12 large-6\"  >\n\t\t\t\t<div class=\"col-inner\"  >\n\t\t\t\n\t\t\t\n\n<h3>\u0130leti\u015fim Formu<\/h3>\n<div class=\"wpforms-container wpforms-container-full wpforms-render-modern\" id=\"wpforms-105\"><form id=\"wpforms-form-105\" class=\"wpforms-validate wpforms-form wpforms-ajax-form\" data-formid=\"105\" method=\"post\" enctype=\"multipart\/form-data\" action=\"\/magaza\/wp-json\/wp\/v2\/pages\/103\" data-token=\"2cd38d5d2629e710a78f646ff330d73b\" data-token-time=\"1777616865\"><noscript class=\"wpforms-error-noscript\">Bu formu bitirebilmek i\u00e7in taray\u0131c\u0131n\u0131zda JavaScript&#039;i etkinle\u015ftirin.<\/noscript><div class=\"wpforms-hidden\" id=\"wpforms-error-noscript\">Bu formu bitirebilmek i\u00e7in taray\u0131c\u0131n\u0131zda JavaScript&#039;i etkinle\u015ftirin.<\/div><div class=\"wpforms-field-container\"><div id=\"wpforms-105-field_1-container\" class=\"wpforms-field wpforms-field-name\" data-field-id=\"1\"><fieldset><legend class=\"wpforms-field-label\">Ad &amp; Soyad <span class=\"wpforms-required-label\" aria-hidden=\"true\">*<\/span><\/legend><div class=\"wpforms-field-row wpforms-field-large\"><div class=\"wpforms-field-row-block wpforms-first wpforms-one-half\"><input type=\"text\" id=\"wpforms-105-field_1\" class=\"wpforms-field-name-first wpforms-field-required\" name=\"wpforms[fields][1][first]\" placeholder=\"Ad\u0131n\u0131z\u0131 girin.\" aria-errormessage=\"wpforms-105-field_1-error\" required><label for=\"wpforms-105-field_1\" class=\"wpforms-field-sublabel after wpforms-sublabel-hide\">Ad<\/label><\/div><div class=\"wpforms-field-row-block wpforms-one-half\"><input type=\"text\" id=\"wpforms-105-field_1-last\" class=\"wpforms-field-name-last wpforms-field-required\" name=\"wpforms[fields][1][last]\" placeholder=\"Soyad\u0131n\u0131z\u0131 girin.\" aria-errormessage=\"wpforms-105-field_1-last-error\" required><label for=\"wpforms-105-field_1-last\" class=\"wpforms-field-sublabel after wpforms-sublabel-hide\">Soyad<\/label><\/div><\/div><\/fieldset><\/div><div id=\"wpforms-105-field_5-container\" class=\"wpforms-field wpforms-field-text\" data-field-id=\"5\"><label class=\"wpforms-field-label\" for=\"wpforms-105-field_5\">Telefon <span class=\"wpforms-required-label\" aria-hidden=\"true\">*<\/span><\/label><input type=\"text\" id=\"wpforms-105-field_5\" class=\"wpforms-field-large wpforms-field-required\" name=\"wpforms[fields][5]\" placeholder=\"Telefon numaran\u0131z\u0131 girin.\" aria-errormessage=\"wpforms-105-field_5-error\" required><\/div><div id=\"wpforms-105-field_2-container\" class=\"wpforms-field wpforms-field-email\" data-field-id=\"2\"><label class=\"wpforms-field-label\" for=\"wpforms-105-field_2\">E-mail <span class=\"wpforms-required-label\" aria-hidden=\"true\">*<\/span><\/label><input type=\"email\" id=\"wpforms-105-field_2\" class=\"wpforms-field-large wpforms-field-required\" name=\"wpforms[fields][2]\" placeholder=\"E-mail adresinizi girin.\" spellcheck=\"false\" aria-errormessage=\"wpforms-105-field_2-error\" required><\/div><div id=\"wpforms-105-field_3-container\" class=\"wpforms-field wpforms-field-textarea\" data-field-id=\"3\"><label class=\"wpforms-field-label\" for=\"wpforms-105-field_3\">Mesaj\u0131n\u0131z<\/label><textarea id=\"wpforms-105-field_3\" class=\"wpforms-field-medium\" name=\"wpforms[fields][3]\" placeholder=\"Mesaj\u0131n\u0131z\u0131 belirtin.\" aria-errormessage=\"wpforms-105-field_3-error\" ><\/textarea><\/div><\/div><!-- .wpforms-field-container --><div class=\"wpforms-submit-container\" ><input type=\"hidden\" name=\"wpforms[id]\" value=\"105\"><input type=\"hidden\" name=\"page_title\" value=\"\"><input type=\"hidden\" name=\"page_url\" value=\"https:\/\/www.takayotomatikkapi.com\/magaza\/wp-json\/wp\/v2\/pages\/103\"><button type=\"submit\" name=\"wpforms[submit]\" id=\"wpforms-submit-105\" class=\"wpforms-submit\" data-alt-text=\"G\u00f6nderiliyor...\" data-submit-text=\"G\u00f6nder\" aria-live=\"assertive\" value=\"wpforms-submit\">G\u00f6nder<\/button><img decoding=\"async\" src=\"https:\/\/www.takayotomatikkapi.com\/magaza\/wp-content\/plugins\/wpforms-lite\/assets\/images\/submit-spin.svg\" class=\"wpforms-submit-spinner\" style=\"display: none;\" width=\"26\" height=\"26\" alt=\"Y\u00fckleniyor\"><\/div><\/form><\/div>  <!-- .wpforms-container -->\n\n\n\t\t<\/div>\n\t\t\t\t\t<\/div>\n\n\t\n\n\t<div id=\"col-1512766076\" class=\"col medium-6 small-12 large-6\"  >\n\t\t\t\t<div class=\"col-inner\"  >\n\t\t\t\n\t\t\t\n\n<p><iframe src=\"https:\/\/www.google.com\/maps\/embed?pb=!1m14!1m8!1m3!1d24962.0171810907!2d27.026393000000002!3d38.551004!3m2!1i1024!2i768!4f13.1!3m3!1m2!1s0x14bbd91df4ba2e51%3A0xd83b0571db561ae8!2sTakay%20Otomatik%20Kap%C4%B1!5e0!3m2!1str!2sus!4v1727092197460!5m2!1str!2sus\" width=\"600\" height=\"500\" style=\"border:0;\" allowfullscreen=\"\" loading=\"lazy\" referrerpolicy=\"no-referrer-when-downgrade\"><\/iframe><\/p>\n\n\n\t\t<\/div>\n\t\t\t\t\t<\/div>\n\n\t\n\n<\/div>\n\n\t\t<\/div>\n\n\t\t\n<style>\n#section_1215570003 {\n  padding-top: 30px;\n  padding-bottom: 30px;\n}\n<\/style>\n\t<\/section>\n\t","protected":false},"excerpt":{"rendered":"","protected":false},"author":1,"featured_media":0,"parent":0,"menu_order":0,"comment_status":"closed","ping_status":"closed","template":"","meta":{"footnotes":""},"class_list":["post-103","page","type-page","status-publish","hentry"],"jetpack_sharing_enabled":true,"_links":{"self":[{"href":"https:\/\/www.takayotomatikkapi.com\/magaza\/wp-json\/wp\/v2\/pages\/103","targetHints":{"allow":["GET"]}}],"collection":[{"href":"https:\/\/www.takayotomatikkapi.com\/magaza\/wp-json\/wp\/v2\/pages"}],"about":[{"href":"https:\/\/www.takayotomatikkapi.com\/magaza\/wp-json\/wp\/v2\/types\/page"}],"author":[{"embeddable":true,"href":"https:\/\/www.takayotomatikkapi.com\/magaza\/wp-json\/wp\/v2\/users\/1"}],"replies":[{"embeddable":true,"href":"https:\/\/www.takayotomatikkapi.com\/magaza\/wp-json\/wp\/v2\/comments?post=103"}],"version-history":[{"count":15,"href":"https:\/\/www.takayotomatikkapi.com\/magaza\/wp-json\/wp\/v2\/pages\/103\/revisions"}],"predecessor-version":[{"id":126,"href":"https:\/\/www.takayotomatikkapi.com\/magaza\/wp-json\/wp\/v2\/pages\/103\/revisions\/126"}],"wp:attachment":[{"href":"https:\/\/www.takayotomatikkapi.com\/magaza\/wp-json\/wp\/v2\/media?parent=103"}],"curies":[{"name":"wp","href":"https:\/\/api.w.org\/{rel}","templated":true}]}}